{"id":8,"date":"2012-05-25T08:40:11","date_gmt":"2012-05-25T08:40:11","guid":{"rendered":"http:\/\/www.heinzel-trans.com\/?page_id=8"},"modified":"2018-11-13T08:46:32","modified_gmt":"2018-11-13T08:46:32","slug":"home","status":"publish","type":"page","link":"https:\/\/www.heinzel-trans.com\/","title":{"rendered":"Home"},"content":{"rendered":"<p>Willkommen auf der Seite von Heinzel-Trans, Ihr Dienstleistungsunternehmen !<\/p>\n<p>wir k\u00fcmmern uns um Ihre Umz\u00fcge, Wohnungsaufl\u00f6sung, Entsorgung und Malerarbeiten.<\/p>\n<p>&#8222;Umzugssorgen??? Wir machen die Arbeit f\u00fcr Sie&#8230;&#8220;<\/p>\n<p>B\u00fcro<br \/>\nWei\u00dfenseer Weg 6<br \/>\n10367 Berlin <\/p>\n<p>\u00d6ffnungszeiten<\/p>\n<p>Mo &#8211; Do: 7:00 Uhr &#8211; 16:00 Uhr<br \/>\nFr: 7:00 Uhr &#8211; 14 Uhr<\/p>\n","protected":false},"excerpt":{"rendered":"<p>Willkommen auf der Seite von Heinzel-Trans, Ihr Dienstleistungsunternehmen ! wir k\u00fcmmern uns um Ihre Umz\u00fcge, Wohnungsaufl\u00f6sung, Entsorgung und Malerarbeiten. &#8222;Umzugssorgen??? Wir machen die Arbeit f\u00fcr Sie&#8230;&#8220; B\u00fcro Wei\u00dfenseer Weg 6 10367 Berlin \u00d6ffnungszeiten Mo &#8211; Do: 7:00 Uhr &#8211; 16:00 &hellip; <a href=\"https:\/\/www.heinzel-trans.com\/\">Weiterlesen <span class=\"meta-nav\">&rarr;<\/span><\/a><\/p>\n","protected":false},"author":1,"featured_media":0,"parent":0,"menu_order":7,"comment_status":"closed","ping_status":"closed","template":"","meta":{"ngg_post_thumbnail":0},"_links":{"self":[{"href":"https:\/\/www.heinzel-trans.com\/index.php?rest_route=\/wp\/v2\/pages\/8"}],"collection":[{"href":"https:\/\/www.heinzel-trans.com\/index.php?rest_route=\/wp\/v2\/pages"}],"about":[{"href":"https:\/\/www.heinzel-trans.com\/index.php?rest_route=\/wp\/v2\/types\/page"}],"author":[{"embeddable":true,"href":"https:\/\/www.heinzel-trans.com\/index.php?rest_route=\/wp\/v2\/users\/1"}],"replies":[{"embeddable":true,"href":"https:\/\/www.heinzel-trans.com\/index.php?rest_route=%2Fwp%2Fv2%2Fcomments&post=8"}],"version-history":[{"count":13,"href":"https:\/\/www.heinzel-trans.com\/index.php?rest_route=\/wp\/v2\/pages\/8\/revisions"}],"predecessor-version":[{"id":123,"href":"https:\/\/www.heinzel-trans.com\/index.php?rest_route=\/wp\/v2\/pages\/8\/revisions\/123"}],"wp:attachment":[{"href":"https:\/\/www.heinzel-trans.com\/index.php?rest_route=%2Fwp%2Fv2%2Fmedia&parent=8"}],"curies":[{"name":"wp","href":"https:\/\/api.w.org\/{rel}","templated":true}]}}