{"id":30,"date":"2012-06-18T10:09:43","date_gmt":"2012-06-18T10:09:43","guid":{"rendered":"http:\/\/www.heinzel-trans.com\/?page_id=30"},"modified":"2017-04-10T12:31:46","modified_gmt":"2017-04-10T12:31:46","slug":"service","status":"publish","type":"page","link":"https:\/\/www.heinzel-trans.com\/?page_id=30","title":{"rendered":"Service"},"content":{"rendered":"<ul>\n<li>\u00a0nach B\u00fcroschluss, nach Feierabend,<\/li>\n<li>Sie w\u00fcnschen ein Stundenangebot oder einen Festpreis? Wir machen es m\u00f6glich.<\/li>\n<li>Sie brauchen Haltverbotszonen? Sagen Sie uns rechtzeitig Bescheid. Wir k\u00fcmmern uns darum.<\/li>\n<li>Wir rechnen f\u00fcr Sie direkt mit dem Sozialamt, Jobcenter und Arbeitsamt ab.<\/li>\n<\/ul>\n","protected":false},"excerpt":{"rendered":"<p>\u00a0nach B\u00fcroschluss, nach Feierabend, Sie w\u00fcnschen ein Stundenangebot oder einen Festpreis? Wir machen es m\u00f6glich. Sie brauchen Haltverbotszonen? Sagen Sie uns rechtzeitig Bescheid. Wir k\u00fcmmern uns darum. Wir rechnen f\u00fcr Sie direkt mit dem Sozialamt, Jobcenter und Arbeitsamt ab.<\/p>\n","protected":false},"author":1,"featured_media":0,"parent":0,"menu_order":3,"comment_status":"closed","ping_status":"closed","template":"","meta":{"ngg_post_thumbnail":0},"_links":{"self":[{"href":"https:\/\/www.heinzel-trans.com\/index.php?rest_route=\/wp\/v2\/pages\/30"}],"collection":[{"href":"https:\/\/www.heinzel-trans.com\/index.php?rest_route=\/wp\/v2\/pages"}],"about":[{"href":"https:\/\/www.heinzel-trans.com\/index.php?rest_route=\/wp\/v2\/types\/page"}],"author":[{"embeddable":true,"href":"https:\/\/www.heinzel-trans.com\/index.php?rest_route=\/wp\/v2\/users\/1"}],"replies":[{"embeddable":true,"href":"https:\/\/www.heinzel-trans.com\/index.php?rest_route=%2Fwp%2Fv2%2Fcomments&post=30"}],"version-history":[{"count":6,"href":"https:\/\/www.heinzel-trans.com\/index.php?rest_route=\/wp\/v2\/pages\/30\/revisions"}],"predecessor-version":[{"id":100,"href":"https:\/\/www.heinzel-trans.com\/index.php?rest_route=\/wp\/v2\/pages\/30\/revisions\/100"}],"wp:attachment":[{"href":"https:\/\/www.heinzel-trans.com\/index.php?rest_route=%2Fwp%2Fv2%2Fmedia&parent=30"}],"curies":[{"name":"wp","href":"https:\/\/api.w.org\/{rel}","templated":true}]}}