{"id":27,"date":"2012-06-18T10:09:36","date_gmt":"2012-06-18T10:09:36","guid":{"rendered":"http:\/\/www.heinzel-trans.com\/?page_id=27"},"modified":"2012-06-21T14:40:57","modified_gmt":"2012-06-21T14:40:57","slug":"leistungen","status":"publish","type":"page","link":"https:\/\/www.heinzel-trans.com\/?page_id=27","title":{"rendered":"Leistungen"},"content":{"rendered":"<ul>\n<li>\u00a0Transporte und Umz\u00fcge aller Art. In Berlin, Brandenburg, Deutschland und auf Anfrage Europaweit<\/li>\n<li>\u00a0Entr\u00fcmplungen und Sperrm\u00fcllentsorgungen<\/li>\n<li>\u00a0Montage &amp; Demontage Ihrer M\u00f6bel sowie K\u00fcchenm\u00f6bel<\/li>\n<li>\u00a0Ein- und Auspacken Ihres Umzugsguts durch erfahrenes Personal<\/li>\n<li>\u00a0Wohnungs- und Kelleraufl\u00f6sung<\/li>\n<li>Renovierungen &amp; Reinigungsservice<\/li>\n<\/ul>\n","protected":false},"excerpt":{"rendered":"<p>\u00a0Transporte und Umz\u00fcge aller Art. In Berlin, Brandenburg, Deutschland und auf Anfrage Europaweit \u00a0Entr\u00fcmplungen und Sperrm\u00fcllentsorgungen \u00a0Montage &amp; Demontage Ihrer M\u00f6bel sowie K\u00fcchenm\u00f6bel \u00a0Ein- und Auspacken Ihres Umzugsguts durch erfahrenes Personal \u00a0Wohnungs- und Kelleraufl\u00f6sung Renovierungen &amp; Reinigungsservice<\/p>\n","protected":false},"author":1,"featured_media":0,"parent":0,"menu_order":2,"comment_status":"closed","ping_status":"closed","template":"","meta":{"ngg_post_thumbnail":0},"_links":{"self":[{"href":"https:\/\/www.heinzel-trans.com\/index.php?rest_route=\/wp\/v2\/pages\/27"}],"collection":[{"href":"https:\/\/www.heinzel-trans.com\/index.php?rest_route=\/wp\/v2\/pages"}],"about":[{"href":"https:\/\/www.heinzel-trans.com\/index.php?rest_route=\/wp\/v2\/types\/page"}],"author":[{"embeddable":true,"href":"https:\/\/www.heinzel-trans.com\/index.php?rest_route=\/wp\/v2\/users\/1"}],"replies":[{"embeddable":true,"href":"https:\/\/www.heinzel-trans.com\/index.php?rest_route=%2Fwp%2Fv2%2Fcomments&post=27"}],"version-history":[{"count":6,"href":"https:\/\/www.heinzel-trans.com\/index.php?rest_route=\/wp\/v2\/pages\/27\/revisions"}],"predecessor-version":[{"id":80,"href":"https:\/\/www.heinzel-trans.com\/index.php?rest_route=\/wp\/v2\/pages\/27\/revisions\/80"}],"wp:attachment":[{"href":"https:\/\/www.heinzel-trans.com\/index.php?rest_route=%2Fwp%2Fv2%2Fmedia&parent=27"}],"curies":[{"name":"wp","href":"https:\/\/api.w.org\/{rel}","templated":true}]}}