{"id":15,"date":"2012-06-11T09:51:41","date_gmt":"2012-06-11T09:51:41","guid":{"rendered":"http:\/\/www.heinzel-trans.com\/?page_id=15"},"modified":"2018-11-12T10:19:37","modified_gmt":"2018-11-12T10:19:37","slug":"impressum","status":"publish","type":"page","link":"https:\/\/www.heinzel-trans.com\/?page_id=15","title":{"rendered":"Impressum"},"content":{"rendered":"<p><strong>Heinzel-Trans Dienstleistungsunternehmen<\/strong><\/p>\n<p>Wei\u00dfenseer Weg 6<br \/>\nInhaber: Thomas Heinzel<br \/>\n10367 Berlin<br \/>\nTelefon: 030-51738657<br \/>\nMobil: 0176-62187292<br \/>\nTelefax: 030-53019838<br \/>\nSteuernummer: 132\/338\/61283<br \/>\nInternet: http:\/\/www.heinzel-trans.com<\/p>\n<p>E-Mail: theinzel@gmx.net<\/p>\n<p>Trotz sorgf\u00e4ltiger inhaltlicher Kontrolle \u00fcbernehmen wir keine Haftung f\u00fcr die Inhalte externer Links. F\u00fcr den Inhalt der verlinkten Seiten sind ausschlie\u00dflich deren Betreiber verantwortlich.<\/p>\n<p>Die \u00dcbernahme und Ver\u00f6ffentlichung (auch auszugsweise) von <strong>heinzel-trans.de<\/strong>\u00a0Inhalten bedarf in jedweder Form, sei es elektronisch oder mechanisch, der ausdr\u00fccklichen und schriftlichen Genehmigung der Firma Heinzel-Trans.<\/p>\n","protected":false},"excerpt":{"rendered":"<p>Heinzel-Trans Dienstleistungsunternehmen Wei\u00dfenseer Weg 6 Inhaber: Thomas Heinzel 10367 Berlin Telefon: 030-51738657 Mobil: 0176-62187292 Telefax: 030-53019838 Steuernummer: 132\/338\/61283 Internet: http:\/\/www.heinzel-trans.com E-Mail: theinzel@gmx.net Trotz sorgf\u00e4ltiger inhaltlicher Kontrolle \u00fcbernehmen wir keine Haftung f\u00fcr die Inhalte externer Links. F\u00fcr den Inhalt der verlinkten &hellip; <a href=\"https:\/\/www.heinzel-trans.com\/?page_id=15\">Weiterlesen <span class=\"meta-nav\">&rarr;<\/span><\/a><\/p>\n","protected":false},"author":1,"featured_media":0,"parent":0,"menu_order":8,"comment_status":"closed","ping_status":"closed","template":"","meta":{"ngg_post_thumbnail":0},"_links":{"self":[{"href":"https:\/\/www.heinzel-trans.com\/index.php?rest_route=\/wp\/v2\/pages\/15"}],"collection":[{"href":"https:\/\/www.heinzel-trans.com\/index.php?rest_route=\/wp\/v2\/pages"}],"about":[{"href":"https:\/\/www.heinzel-trans.com\/index.php?rest_route=\/wp\/v2\/types\/page"}],"author":[{"embeddable":true,"href":"https:\/\/www.heinzel-trans.com\/index.php?rest_route=\/wp\/v2\/users\/1"}],"replies":[{"embeddable":true,"href":"https:\/\/www.heinzel-trans.com\/index.php?rest_route=%2Fwp%2Fv2%2Fcomments&post=15"}],"version-history":[{"count":11,"href":"https:\/\/www.heinzel-trans.com\/index.php?rest_route=\/wp\/v2\/pages\/15\/revisions"}],"predecessor-version":[{"id":121,"href":"https:\/\/www.heinzel-trans.com\/index.php?rest_route=\/wp\/v2\/pages\/15\/revisions\/121"}],"wp:attachment":[{"href":"https:\/\/www.heinzel-trans.com\/index.php?rest_route=%2Fwp%2Fv2%2Fmedia&parent=15"}],"curies":[{"name":"wp","href":"https:\/\/api.w.org\/{rel}","templated":true}]}}